{"id":110,"date":"2020-06-23T12:08:52","date_gmt":"2020-06-23T12:08:52","guid":{"rendered":"https:\/\/cartas.protos.es\/?page_id=110"},"modified":"2020-07-05T23:12:38","modified_gmt":"2020-07-05T23:12:38","slug":"login","status":"publish","type":"page","link":"https:\/\/cartas.protos.es\/","title":{"rendered":"Cartas Protos"},"content":{"rendered":"\n<p class=\"has-text-align-center\">El editor de cartas de vinos Protos te permite crear tu propia carta de vinos para tu negocio. <\/p>\n\n\n\n<p class=\"has-text-align-center\">Despu\u00e9s podr\u00e1s imprimirla y compartirla v\u00eda web.<\/p>\n\n\n\n<p class=\"has-text-align-center\">Para comenzar es necesario que te registres o inicies sesi\u00f3n.<\/p>\n\n\n\r\n<div class=\"um um-login um-106\">\r\n\r\n\t<div class=\"um-form\">\r\n\r\n\t\t<form method=\"post\" action=\"\" autocomplete=\"off\">\r\n\r\n\t\t\t<div class=\"um-row _um_row_1 \" style=\"margin: 0 0 30px 0;\"><div class=\"um-col-1\"><div  id=\"um_field_106_username\" class=\"um-field um-field-text  um-field-username um-field-text um-field-type_text\" data-key=\"username\"><div class=\"um-field-label\"><label for=\"username-106\">Nombre de usuario o correo electr\u00f3nico<\/label><div class=\"um-clear\"><\/div><\/div><div class=\"um-field-area\"><input  autocomplete=\"off\" class=\"um-form-field valid \" type=\"text\" name=\"username-106\" id=\"username-106\" value=\"\" placeholder=\"\" data-validate=\"unique_username_or_email\" data-key=\"username\" \/>\r\n\r\n\t\t\t\t\t\t<\/div><\/div><div  id=\"um_field_106_user_password\" class=\"um-field um-field-password  um-field-user_password um-field-password um-field-type_password\" data-key=\"user_password\"><div class=\"um-field-label\"><label for=\"user_password-106\">Contrase\u00f1a<\/label><div class=\"um-clear\"><\/div><\/div><div class=\"um-field-area\"><input class=\"um-form-field valid \" type=\"password\" name=\"user_password-106\" id=\"user_password-106\" value=\"\" placeholder=\"\" data-validate=\"\" data-key=\"user_password\" \/>\r\n\r\n\t\t\t\t\t\t<\/div><\/div><\/div><\/div>\t\t<input type=\"hidden\" name=\"form_id\" id=\"form_id_106\" value=\"106\" \/>\r\n\t\r\n\t<p class=\"um_request_name\">\r\n\t\t<label for=\"um_request_106\">Only fill in if you are not human<\/label>\r\n\t\t<input type=\"hidden\" name=\"um_request\" id=\"um_request_106\" class=\"input\" value=\"\" size=\"25\" autocomplete=\"off\" \/>\r\n\t<\/p>\r\n\r\n\t<input type=\"hidden\" id=\"_wpnonce\" name=\"_wpnonce\" value=\"422ca96b8f\" \/><input type=\"hidden\" name=\"_wp_http_referer\" value=\"\/index.php?rest_route=%2Fwp%2Fv2%2Fpages%2F110\" \/>\n\t<div class=\"um-col-alt\">\n\n\t\t\r\n\r\n\t\t\t<div class=\"um-field um-field-c\">\r\n\t\t\t\t<div class=\"um-field-area\">\r\n\t\t\t\t\t<label class=\"um-field-checkbox\">\r\n\t\t\t\t\t\t<input type=\"checkbox\" name=\"rememberme\" value=\"1\"  \/>\r\n\t\t\t\t\t\t<span class=\"um-field-checkbox-state\"><i class=\"um-icon-android-checkbox-outline-blank\"><\/i><\/span>\r\n\t\t\t\t\t\t<span class=\"um-field-checkbox-option\"> Mantenerme conectado<\/span>\r\n\t\t\t\t\t<\/label>\r\n\t\t\t\t<\/div>\r\n\t\t\t<\/div>\r\n\r\n\t\t\t\t\t\t<div class=\"um-clear\"><\/div>\n\t\t\n\t\t\t<div class=\"um-left um-half\">\n\t\t\t\t<input type=\"submit\" value=\"Iniciar sesi\u00f3n\" class=\"um-button\" id=\"um-submit-btn\" \/>\n\t\t\t<\/div>\n\t\t\t<div class=\"um-right um-half\">\n\t\t\t\t<a href=\"https:\/\/cartas.protos.es\/?page_id=111\" class=\"um-button um-alt\">\n\t\t\t\t\tRegistro\t\t\t\t<\/a>\n\t\t\t<\/div>\n\n\t\t\n\t\t<div class=\"um-clear\"><\/div>\n\n\t<\/div>\n\n\t\n\t<div class=\"um-col-alt-b\">\n\t\t<a href=\"https:\/\/cartas.protos.es\/?page_id=115\" class=\"um-link-alt\">\n\t\t\t\u00bfHas olvidado tu contrase\u00f1a?\t\t<\/a>\n\t<\/div>\n\n\t\r\n\t\t<\/form>\r\n\r\n\t<\/div>\r\n\r\n<\/div><style type=\"text\/css\">\r\n.um-106.um {\r\n\tmax-width: 450px;\r\n}<\/style>\r\n\n\n\n<p><\/p>\n","protected":false},"excerpt":{"rendered":"<p>El editor de cartas de vinos Protos te permite crear tu propia carta de vinos para tu negocio. Despu\u00e9s podr\u00e1s imprimirla y compartirla v\u00eda web. Para comenzar es necesario que te registres o inicies sesi\u00f3n.<\/p>\n","protected":false},"author":13,"featured_media":0,"parent":0,"menu_order":0,"comment_status":"closed","ping_status":"closed","template":"wdelogin.php","meta":[],"acf":[],"_links":{"self":[{"href":"https:\/\/cartas.protos.es\/index.php?rest_route=\/wp\/v2\/pages\/110"}],"collection":[{"href":"https:\/\/cartas.protos.es\/index.php?rest_route=\/wp\/v2\/pages"}],"about":[{"href":"https:\/\/cartas.protos.es\/index.php?rest_route=\/wp\/v2\/types\/page"}],"author":[{"embeddable":true,"href":"https:\/\/cartas.protos.es\/index.php?rest_route=\/wp\/v2\/users\/13"}],"replies":[{"embeddable":true,"href":"https:\/\/cartas.protos.es\/index.php?rest_route=%2Fwp%2Fv2%2Fcomments&post=110"}],"version-history":[{"count":4,"href":"https:\/\/cartas.protos.es\/index.php?rest_route=\/wp\/v2\/pages\/110\/revisions"}],"predecessor-version":[{"id":429,"href":"https:\/\/cartas.protos.es\/index.php?rest_route=\/wp\/v2\/pages\/110\/revisions\/429"}],"wp:attachment":[{"href":"https:\/\/cartas.protos.es\/index.php?rest_route=%2Fwp%2Fv2%2Fmedia&parent=110"}],"curies":[{"name":"wp","href":"https:\/\/api.w.org\/{rel}","templated":true}]}}