{"id":508,"date":"2020-07-03T09:23:03","date_gmt":"2020-07-03T09:23:03","guid":{"rendered":"https:\/\/cartas.protos.es\/?page_id=508"},"modified":"2020-07-03T09:25:25","modified_gmt":"2020-07-03T09:25:25","slug":"politica-de-cookies","status":"publish","type":"page","link":"https:\/\/cartas.protos.es\/?page_id=508","title":{"rendered":"Pol\u00edtica de Cookies"},"content":{"rendered":"\n<p><strong><br>5. POLITICA DE COOKIES<\/strong><\/p>\n\n\n\n<p><em>\u00bfQu\u00e9 son las cookies?<\/em><br>Una cookie es un fichero que se descarga en su ordenador al acceder a determinadas p\u00e1ginas web. Las cookies permiten a una p\u00e1gina web, entre otras cosas, almacenar y recuperar informaci\u00f3n sobre h\u00e1bitos &nbsp;de&nbsp; navegaci\u00f3n &nbsp;de &nbsp;un &nbsp;usuario &nbsp;o &nbsp;de&nbsp; su &nbsp;equipo &nbsp;y, &nbsp;dependiendo &nbsp;de&nbsp; la &nbsp;informaci\u00f3n &nbsp;que contengan y de la forma que utilice su equipo, pueden utilizarse para reconocer al usuario.<\/p>\n\n\n\n<p><em>\u00bfPara qu\u00e9 utiliza las cookies esta p\u00e1gina web y cu\u00e1les son?<\/em><br>Esta p\u00e1gina web puede utilizar las cookies para una serie de finalidades, incluidas:<br><strong><u>An\u00e1lisis<\/u><\/strong><br>Son aquellas cookies que bien, tratadas por nosotros o por terceros, nos permiten cuantificar el n\u00famero de usuarios y as\u00ed realizar la medici\u00f3n y an\u00e1lisis estad\u00edstico de la utilizaci\u00f3n que hacen los usuarios del servicio.<br><strong><u>Publicitarias<\/u><\/strong><br>Sirven para gestionar la frecuencia y el contenido de los anuncios<br><strong><u>T\u00e9cnicas<\/u><\/strong><br>Este tipo de cookies facilita informaci\u00f3n sobre el uso que el usuario realiza de la Web, como por ejemplo, qu\u00e9 paginas ha visitado o si ha tenido problemas t\u00e9cnicos en los accesos. Estas cookies no permiten &nbsp;identificarle, &nbsp;puesto &nbsp;que &nbsp;la &nbsp;informaci\u00f3n &nbsp;que &nbsp;recogen &nbsp;es &nbsp;an\u00f3nima &nbsp;y &nbsp;ser\u00e1 &nbsp;utilizada<br>\u00fanicamente para trabajos de mejora de dise\u00f1o de la p\u00e1gina y de navegaci\u00f3n, estad\u00edsticas de uso, etc. Permiten que la web funcione de forma m\u00e1s \u00e1gil y adaptada a las preferencias de los usuarios.<br><strong><u>De registro<\/u><\/strong><br>Se crean al registrarse o cuando inicia una sesi\u00f3n como usuario de la Web.<br><strong><u>De personalizaci\u00f3n<\/u><\/strong><br>Permiten personalizar las funciones o contenidos del sitio web en funci\u00f3n de los datos obtenidos del navegador.<br><strong><u>Estado de la sesi\u00f3n<\/u><\/strong><br>Estas cookies guardan la informaci\u00f3n necesaria durante la sesi\u00f3n y los cambios relacionados con ella, y tambi\u00e9n determinan si est\u00e1 registrado o no en la web.<br><strong><u>P<\/u><\/strong><strong><u>r<\/u><\/strong><strong><u>ocesos<\/u><\/strong><br>Las cookies de procesos permiten el funcionamiento del sitio web y ofrecen servicios esperados por el usuario que accede al sitio web como, por ejemplo, la navegaci\u00f3n por p\u00e1ginas web o el acceso a<br>\u00e1reas seguras del sitio web. Las cookies de tipo \u201cPropias\u201d son utilizadas s\u00f3lo por el propietario de esta web y las cookies \u201cDe terceros\u201d son utilizadas, tambi\u00e9n, por el prestador del servicio que est\u00e1 detallado en el cuadro.<\/p>\n\n\n\n<p><em>\u00bfC\u00f3mo puedo desactivar o eliminar estas cookies?<\/em><br>Puede usted permitir, bloquear o eliminar las cookies instaladas en su equipo mediante la configuraci\u00f3n de las opciones del navegador instalado en su ordenador accediendo a los siguientes enlaces.<\/p>\n\n\n\n<ul><li><a href=\"http:\/\/support.mozilla.org\/es\/kb\/cookies-informacion-que-los-sitios-web-guardan-en-?redirectlocale=en-US&amp;redirectslug=Cookies\">Mozilla Firefox<\/a><\/li><li><a href=\"http:\/\/support.google.com\/chrome\/bin\/answer.py?hl=es&amp;answer=95647\">Google Chrom<\/a>e<\/li><li><a href=\"http:\/\/windows.microsoft.com\/es-xl\/internet-explorer\/delete-manage-cookies#ie%3Die-11\">Internet Explorer (Versi\u00f3n 11)<\/a><\/li><li><a href=\"http:\/\/windows.microsoft.com\/es-xl\/internet-explorer\/delete-manage-cookies#ie%3Die-10\">Internet Explorer (Versi\u00f3n 10)<\/a><\/li><li><a href=\"http:\/\/windows.microsoft.com\/es-ES\/windows7\/How-to-manage-cookies-in-Internet-Explorer-9\">Internet Explorer (Versi\u00f3n 9)<\/a><\/li><li><a href=\"http:\/\/windows.microsoft.com\/es-ES\/windows-vista\/Block-or-allow-cookies\">Internet Explorer (Versi\u00f3n 7 &amp; 8)<\/a><\/li><li><a href=\"http:\/\/support.microsoft.com\/kb\/283185\/es\">Internet Explorer (Versi\u00f3n 6)<\/a><\/li><li><a href=\"http:\/\/www.opera.com\/help\/tutorials\/security\/privacy\/\">Opera<\/a><\/li><li><a href=\"http:\/\/support.apple.com\/kb\/PH5042\">Safari web<\/a><\/li><li><a href=\"http:\/\/support.apple.com\/kb\/HT1677\">Safari IOS<\/a><\/li><\/ul>\n\n\n\n<p>El detalle de las cookies utilizadas en esta p\u00e1gina web es el siguiente:<\/p>\n\n\n\n<figure class=\"wp-block-table\"><table><thead><tr><th>Cookie<\/th><th>Tipo<\/th><th>Responsable<\/th><th>Prop\u00f3sito<\/th><th>M\u00e1s informaci\u00f3n<\/th><\/tr><\/thead><tbody><tr><td>&nbsp;&nbsp;utmz,&nbsp;&nbsp;&nbsp;&nbsp;utmc,&nbsp;&nbsp;&nbsp;&nbsp;utmb,<br>&nbsp;&nbsp;utma,&nbsp;&nbsp;&nbsp;&nbsp;utmt,&nbsp;&nbsp;&nbsp;&nbsp;utmx,<br>&nbsp;&nbsp;ga, &nbsp;_gat, &nbsp;CONSENT, HSID,&nbsp;&nbsp;&nbsp;&nbsp;&nbsp;&nbsp;&nbsp; NID,&nbsp;&nbsp;&nbsp;&nbsp;&nbsp;&nbsp;&nbsp; OTZ,<br>SAPISID, &nbsp;SID, &nbsp;SIDCC,<br>SSID<\/td><td>De terceros<\/td><td>Google Inc.&nbsp;&nbsp;<\/td><td>Cookies anal\u00edticas de Google, sirven para recabar informaci\u00f3n de visitas del usuario, tiempos de acceso a las webs, n\u00famero de visitas, etc, con la finalidad de establecer un an\u00e1lisis publicitario personal.<\/td><td>https:\/\/support.google.com\/analytic s\/answer\/6004245?hl=es<\/td><\/tr><tr><td>act, c_user, csm, datr, fr, lu, p, pl, presence, s, xs<\/td><td>De terceros&nbsp;&nbsp;&nbsp;&nbsp;&nbsp;&nbsp;&nbsp;&nbsp;&nbsp;<\/td><td>Facebook Inc.&nbsp;&nbsp;&nbsp;&nbsp;&nbsp;&nbsp;&nbsp;&nbsp;&nbsp;<\/td><td>Cookies de terceros establecidas por Facebook. Permiten controlar la funci\u00f3n \u00abs\u00edguenos en Facebook\u00bb del bot\u00f3n \u00abMe gusta\u00bb, recopilar los ajustes del idioma y poder compartir la p\u00e1gina. \u00abS\u00bb y \u00abxs\u00bb son cookies del bot\u00f3n \u00abMe gusta\u00bb de Facebook.<\/td><td>https:\/\/www.facebook.com\/help\/coo kies\/<\/td><\/tr><tr><td>ads_prefs,&nbsp;&nbsp; &nbsp;dnt,&nbsp;&nbsp; &nbsp;eu_cn, guest_id, personalization_id, remember_checked_on, syndication_guest_id, tfw_exp<\/td><td>De terceros&nbsp;&nbsp;&nbsp;&nbsp;&nbsp;&nbsp;&nbsp;&nbsp;&nbsp;<\/td><td>Twitter Inc.&nbsp;&nbsp;&nbsp;&nbsp;&nbsp;&nbsp;&nbsp;&nbsp;&nbsp;&nbsp;&nbsp;&nbsp;&nbsp;&nbsp;<\/td><td>Cookies usadas por Twitter con la finalidad de establecer la sesi\u00f3n de usuario, evitar la suplantaci\u00f3n y el spam as\u00ed como determinar el comportamiento del usuario con fines publicitarios.<\/td><td>support.twitter.com\/articles\/201705 21<\/td><\/tr><\/tbody><\/table><\/figure>\n\n\n\n<p><\/p>\n","protected":false},"excerpt":{"rendered":"<p>5. POLITICA DE COOKIES \u00bfQu\u00e9 son las cookies?Una cookie es un fichero que se descarga en su ordenador al acceder a determinadas p\u00e1ginas web. Las cookies permiten a una p\u00e1gina web, entre otras cosas, almacenar y recuperar informaci\u00f3n sobre h\u00e1bitos &nbsp;de&nbsp; navegaci\u00f3n &nbsp;de &nbsp;un &nbsp;usuario &nbsp;o &nbsp;de&nbsp; su &nbsp;equipo &nbsp;y, &nbsp;dependiendo &nbsp;de&nbsp; la &nbsp;informaci\u00f3n &nbsp;que [&hellip;]<\/p>\n","protected":false},"author":13,"featured_media":0,"parent":0,"menu_order":0,"comment_status":"closed","ping_status":"closed","template":"","meta":[],"acf":[],"_links":{"self":[{"href":"https:\/\/cartas.protos.es\/index.php?rest_route=\/wp\/v2\/pages\/508"}],"collection":[{"href":"https:\/\/cartas.protos.es\/index.php?rest_route=\/wp\/v2\/pages"}],"about":[{"href":"https:\/\/cartas.protos.es\/index.php?rest_route=\/wp\/v2\/types\/page"}],"author":[{"embeddable":true,"href":"https:\/\/cartas.protos.es\/index.php?rest_route=\/wp\/v2\/users\/13"}],"replies":[{"embeddable":true,"href":"https:\/\/cartas.protos.es\/index.php?rest_route=%2Fwp%2Fv2%2Fcomments&post=508"}],"version-history":[{"count":2,"href":"https:\/\/cartas.protos.es\/index.php?rest_route=\/wp\/v2\/pages\/508\/revisions"}],"predecessor-version":[{"id":510,"href":"https:\/\/cartas.protos.es\/index.php?rest_route=\/wp\/v2\/pages\/508\/revisions\/510"}],"wp:attachment":[{"href":"https:\/\/cartas.protos.es\/index.php?rest_route=%2Fwp%2Fv2%2Fmedia&parent=508"}],"curies":[{"name":"wp","href":"https:\/\/api.w.org\/{rel}","templated":true}]}}